{"id":277,"date":"2019-04-07T16:49:29","date_gmt":"2019-04-07T16:49:29","guid":{"rendered":"http:\/\/www.huronresearch.ca\/eng1\/?page_id=277"},"modified":"2019-04-07T16:50:07","modified_gmt":"2019-04-07T16:50:07","slug":"1877-gustave-dore-edition","status":"publish","type":"page","link":"https:\/\/www.huronresearch.ca\/thedigitalrime\/1877-gustave-dore-edition\/","title":{"rendered":"1877 Gustave Dore Edition"},"content":{"rendered":"\n<style>\n\t#hotspot-202 .hotspots-image-container,\n\t#hotspot-202 .leaflet-container {\n\t\tbackground: #efefef\t}\n\n\t#hotspot-202 .hotspots-placeholder,\n\t.featherlight .featherlight-content.lightbox-202 {\n\t\tbackground: #ffffff;\n\t\tborder: 0 #ffffff solid;\n\t\tcolor: #000000;\n\t}\n\n\t#hotspot-202 .hotspot-title,\n\t#hotspot-202 .bc-product__title a,\n\t.featherlight .featherlight-content.lightbox-202 .hotspot-title,\n\t.featherlight .featherlight-content.lightbox-202 .bc-product__title a {\n\t\tcolor: #ffffff;\n\t}\n\n\t\t\t#hotspot-202 .hotspot-style-1 {\n\t\t\tstroke-width: 3;\n\t\t\tfill: #ffffff;\n\t\t\tfill-opacity: 0.81;\n\t\t\tstroke: #ffffff;\n\t\t\tstroke-opacity: 1.01;\n\t\t}\n\t\t#hotspot-202 .hotspot-style-1:hover,\n\t\t#hotspot-202 .hotspot-style-1:focus-visible,\n\t\t#hotspot-202 .hotspot-style-1.hotspot-active {\n\t\t\tfill: #ffffff;\n\t\t\tfill-opacity: 0.81;\n\t\t\toutline: none;\n\t\t\tstroke: #ffffff;\n\t\t\tstroke-opacity: 1.01;\n\t\t}\n\t\t\t#hotspot-202 .hotspot-default {\n\t\t\tstroke-width: 3;\n\t\t\tfill: #ffffff;\n\t\t\tfill-opacity: 0.01;\n\t\t\tstroke: #dd3333;\n\t\t\tstroke-opacity: 1.01;\n\t\t}\n\t\t#hotspot-202 .hotspot-default:hover,\n\t\t#hotspot-202 .hotspot-default:focus-visible,\n\t\t#hotspot-202 .hotspot-default.hotspot-active {\n\t\t\tfill: #ffffff;\n\t\t\tfill-opacity: 0.16;\n\t\t\toutline: none;\n\t\t\tstroke: #dd3333;\n\t\t\tstroke-opacity: 1.01;\n\t\t}\n\t\t#hotspot-202 .leaflet-tooltip,\n\t#hotspot-202 .leaflet-rrose-content-wrapper {\n\t\tbackground: #ffffff;\n\t\tborder-color: #ffffff;\n\t\tcolor: #000000;\n\t}\n\n\t#hotspot-202 a.leaflet-rrose-close-button {\n\t\tcolor: #ffffff;\n\t}\n\n\t#hotspot-202 .leaflet-rrose-tip {\n\t\tbackground: #ffffff;\n\t}\n\n\t#hotspot-202 .leaflet-popup-scrolled {\n\t\tborder-bottom-color: #000000;\n\t\tborder-top-color: #000000;\n\t}\n\n\t#hotspot-202 .leaflet-tooltip-top:before {\n\t\tborder-top-color: #ffffff;\n\t}\n\n\t#hotspot-202 .leaflet-tooltip-bottom:before {\n\t\tborder-bottom-color: #ffffff;\n\t}\n\t#hotspot-202 .leaflet-tooltip-left:before {\n\t\tborder-left-color: #ffffff;\n\t}\n\t#hotspot-202 .leaflet-tooltip-right:before {\n\t\tborder-right-color: #ffffff;\n\t}\n<\/style>\n\n\n\t<div class=\"hotspots-container  layout-tooltip event-hover\" id=\"hotspot-202\" data-layout=\"tooltip\" data-trigger=\"hover\">\n\t\t<div class=\"hotspots-interaction\">\n\t\t\t<div class=\"hotspots-image-container\">\n\t<img\n\t\twidth=\"1551\"\n\t\theight=\"2000\"\n\t\tsrc=\"https:\/\/www.huronresearch.ca\/thedigitalrime\/wp-content\/uploads\/sites\/60\/2019\/04\/Gustave-Dore-1.jpg\"\n\t\talt=\"Gustave Dore 1\"\n\t\tclass=\"hotspots-image skip-lazy\"\n\t\tusemap=\"#hotspots-image-202\"\n\t\tdata-image-title=\"Gustave Dore 1\"\n\t\tdata-image-description=\"\"\n\t\tdata-event-trigger=\"hover\"\n\t\tdata-always-visible=\"on\"\n\t\tdata-id=\"202\"\n\t\tdata-no-lazy=\"1\"\n\t\tdata-lazy-src=\"\"\n\t\tdata-lazy=\"false\"\n\t\tloading=\"eager\"\n\t\tdata-skip-lazy=\"1\"\n\t\t>\n<\/div>\t\t<\/div>\n\t\t<map name=\"hotspots-image-202\" class=\"hotspots-map\">\n\t\t\t\t\t\t\t\t\t\t\t<area\n\t\t\t\t\tshape=\"polygon\"\n\t\t\t\t\tcoords=\"201,203,1291,206,1085,743,942,631,777,600,602,622,434,740\"\n\t\t\t\t\thref=\"#hotspot-hotspot-202-0\"\n\t\t\t\t\trel=\"\"\n\t\t\t\t\ttitle=\"\"\n\t\t\t\t\talt=\"\"\n\t\t\t\t\tdata-action=\"\"\n\t\t\t\t\tdata-color-scheme=\"\"\n\t\t\t\t\tdata-id=\"area-hotspot-202-0\"\n\t\t\t\t\ttarget=\"\"\n\t\t\t\t\tclass=\"more-info-area\"\n\t\t\t\t\t>\n\t\t\t\t\t\t\t\t\t\t\t<area\n\t\t\t\t\tshape=\"polygon\"\n\t\t\t\t\tcoords=\"349,1059,349,1014,354,965,365,923,374,890,393,851,414,810,441,771,469,739,497,714,530,687,587,655,663,630,745,618,838,626,925,654,1007,702,1069,765,1111,819,1143,893,1155,934,1166,995,1165,1085,1143,1165,1115,1227,1079,1278,1035,1325,971,1373,882,1413,785,1431,687,1426,605,1403,527,1361,447,1290,383,1191,362,1129\"\n\t\t\t\t\thref=\"#hotspot-hotspot-202-1\"\n\t\t\t\t\trel=\"\"\n\t\t\t\t\ttitle=\"\"\n\t\t\t\t\talt=\"\"\n\t\t\t\t\tdata-action=\"\"\n\t\t\t\t\tdata-color-scheme=\"\"\n\t\t\t\t\tdata-id=\"area-hotspot-202-1\"\n\t\t\t\t\ttarget=\"\"\n\t\t\t\t\tclass=\"more-info-area\"\n\t\t\t\t\t>\n\t\t\t\t\t\t\t\t\t\t\t<area\n\t\t\t\t\tshape=\"polygon\"\n\t\t\t\t\tcoords=\"758,1609,453,1606,453,1521,1083,1528,1082,1614\"\n\t\t\t\t\thref=\"#hotspot-hotspot-202-2\"\n\t\t\t\t\trel=\"\"\n\t\t\t\t\ttitle=\"\"\n\t\t\t\t\talt=\"\"\n\t\t\t\t\tdata-action=\"\"\n\t\t\t\t\tdata-color-scheme=\"\"\n\t\t\t\t\tdata-id=\"area-hotspot-202-2\"\n\t\t\t\t\ttarget=\"\"\n\t\t\t\t\tclass=\"more-info-area\"\n\t\t\t\t\t>\n\t\t\t\t\t<\/map>\n\n\t\t\n\t\t\t\t\t\n\t\t\t\t\t\t<div class=\"hotspot-info \" id=\"hotspot-hotspot-202-0\">\n\t\t\t\t\n\t\t\t\t<h2 class=\"hotspot-title\"><\/h2>\t\t\t\t\t\t\t\t<div class=\"hotspot-content\">\n\t\t\t\t\t<p><span lang=\"EN-US\" style=\"font-size: 12.0pt;line-height: 200%;font-family: 'Georgia',serif\">In Germany, Dor<\/span><span lang=\"EN-US\" style=\"font-size: 12.0pt;line-height: 200%;font-family: 'Georgia',serif;color: black\">\u00e9\u2019s illustrations were published by Amelangs Verlag in Leipzig in 1877, accompanied by a German translation by Ferdinand Freiligrath.\u00a0<\/span><\/p>\n\t\t\t\t<\/div>\n\t\t\t<\/div>\n\t\t\t\t\t\n\t\t\t\t\t\t<div class=\"hotspot-info \" id=\"hotspot-hotspot-202-1\">\n\t\t\t\t\n\t\t\t\t<h2 class=\"hotspot-title\"><\/h2>\t\t\t\t\t\t\t\t<div class=\"hotspot-content\">\n\t\t\t\t\t<p class=\"MsoNormal\" style=\"text-indent: 0cm\"><span lang=\"EN-US\" style=\"font-family: 'Georgia',serif\">Gustave Dor<\/span><span lang=\"EN-US\" style=\"font-family: 'Georgia',serif;color: black\">\u00e9 assembled a team of wood-engravers to assist him on his illustrated editions of \u201cThe Rime of the Ancient Mainer,\u201d including: <\/span><span lang=\"EN-US\" style=\"font-family: 'Georgia',serif\">D\u00e9sir\u00e9 Mathieu Quesnel, H\u00e9liodore Pisan, Adolphe Gusman, Paul Emile Deschamps, Albert Bellenger, Firmin Gillot, Charles Laplante, Florentin Jonnard Pacel, and Adolphe Fran\u00e7ois Pannemaker \u2013the same team that helped him prepare Dante\u2019s <i>Divine Comedy <\/i>and Milton\u2019s <i>Paradise Lost. <\/i><\/span><\/p>\n\t\t\t\t<\/div>\n\t\t\t<\/div>\n\t\t\t\t\t\n\t\t\t\t\t\t<div class=\"hotspot-info \" id=\"hotspot-hotspot-202-2\">\n\t\t\t\t\n\t\t\t\t<h2 class=\"hotspot-title\"><\/h2>\t\t\t\t\t\t\t\t<div class=\"hotspot-content\">\n\t\t\t\t\t<p><span lang=\"EN-US\" style=\"font-size: 12.0pt;line-height: 200%;font-family: 'Georgia',serif\">Dor<\/span><span lang=\"EN-US\" style=\"font-size: 12.0pt;line-height: 200%;font-family: 'Georgia',serif;color: black\">\u00e9 financed the entire project himself and spent an estimated <\/span><span lang=\"EN-US\" style=\"font-size: 12.0pt;line-height: 200%;font-family: 'Georgia',serif\">\u00a33, 500 because he wanted to maintain all control of his work.<\/span><\/p>\n\t\t\t\t<\/div>\n\t\t\t<\/div>\n\t\t\t<\/div>\n\n\n\n<style>\n\t#hotspot-205 .hotspots-image-container,\n\t#hotspot-205 .leaflet-container {\n\t\tbackground: #efefef\t}\n\n\t#hotspot-205 .hotspots-placeholder,\n\t.featherlight .featherlight-content.lightbox-205 {\n\t\tbackground: #ffffff;\n\t\tborder: 0 #ffffff solid;\n\t\tcolor: #000000;\n\t}\n\n\t#hotspot-205 .hotspot-title,\n\t#hotspot-205 .bc-product__title a,\n\t.featherlight .featherlight-content.lightbox-205 .hotspot-title,\n\t.featherlight .featherlight-content.lightbox-205 .bc-product__title a {\n\t\tcolor: #ffffff;\n\t}\n\n\t\t\t#hotspot-205 .hotspot-style-1 {\n\t\t\tstroke-width: 3;\n\t\t\tfill: #ffffff;\n\t\t\tfill-opacity: 0.81;\n\t\t\tstroke: #ffffff;\n\t\t\tstroke-opacity: 0.81;\n\t\t}\n\t\t#hotspot-205 .hotspot-style-1:hover,\n\t\t#hotspot-205 .hotspot-style-1:focus-visible,\n\t\t#hotspot-205 .hotspot-style-1.hotspot-active {\n\t\t\tfill: #ffffff;\n\t\t\tfill-opacity: 0.81;\n\t\t\toutline: none;\n\t\t\tstroke: #ffffff;\n\t\t\tstroke-opacity: 0.81;\n\t\t}\n\t\t\t#hotspot-205 .hotspot-default {\n\t\t\tstroke-width: 3;\n\t\t\tfill: #ffffff;\n\t\t\tfill-opacity: 0.01;\n\t\t\tstroke: #dd0000;\n\t\t\tstroke-opacity: 0.81;\n\t\t}\n\t\t#hotspot-205 .hotspot-default:hover,\n\t\t#hotspot-205 .hotspot-default:focus-visible,\n\t\t#hotspot-205 .hotspot-default.hotspot-active {\n\t\t\tfill: #ffffff;\n\t\t\tfill-opacity: 0.16;\n\t\t\toutline: none;\n\t\t\tstroke: #dd0000;\n\t\t\tstroke-opacity: 0.81;\n\t\t}\n\t\t#hotspot-205 .leaflet-tooltip,\n\t#hotspot-205 .leaflet-rrose-content-wrapper {\n\t\tbackground: #ffffff;\n\t\tborder-color: #ffffff;\n\t\tcolor: #000000;\n\t}\n\n\t#hotspot-205 a.leaflet-rrose-close-button {\n\t\tcolor: #ffffff;\n\t}\n\n\t#hotspot-205 .leaflet-rrose-tip {\n\t\tbackground: #ffffff;\n\t}\n\n\t#hotspot-205 .leaflet-popup-scrolled {\n\t\tborder-bottom-color: #000000;\n\t\tborder-top-color: #000000;\n\t}\n\n\t#hotspot-205 .leaflet-tooltip-top:before {\n\t\tborder-top-color: #ffffff;\n\t}\n\n\t#hotspot-205 .leaflet-tooltip-bottom:before {\n\t\tborder-bottom-color: #ffffff;\n\t}\n\t#hotspot-205 .leaflet-tooltip-left:before {\n\t\tborder-left-color: #ffffff;\n\t}\n\t#hotspot-205 .leaflet-tooltip-right:before {\n\t\tborder-right-color: #ffffff;\n\t}\n<\/style>\n\n\n\t<div class=\"hotspots-container  layout-tooltip event-hover\" id=\"hotspot-205\" data-layout=\"tooltip\" data-trigger=\"hover\">\n\t\t<div class=\"hotspots-interaction\">\n\t\t\t<div class=\"hotspots-image-container\">\n\t<img\n\t\twidth=\"1520\"\n\t\theight=\"2000\"\n\t\tsrc=\"https:\/\/www.huronresearch.ca\/thedigitalrime\/wp-content\/uploads\/sites\/60\/2019\/04\/Gustave-Dore-2.jpg\"\n\t\talt=\"Gustave Dore 2\"\n\t\tclass=\"hotspots-image skip-lazy\"\n\t\tusemap=\"#hotspots-image-205\"\n\t\tdata-image-title=\"Gustave Dore 2\"\n\t\tdata-image-description=\"\"\n\t\tdata-event-trigger=\"hover\"\n\t\tdata-always-visible=\"on\"\n\t\tdata-id=\"205\"\n\t\tdata-no-lazy=\"1\"\n\t\tdata-lazy-src=\"\"\n\t\tdata-lazy=\"false\"\n\t\tloading=\"eager\"\n\t\tdata-skip-lazy=\"1\"\n\t\t>\n<\/div>\t\t<\/div>\n\t\t<map name=\"hotspots-image-205\" class=\"hotspots-map\">\n\t\t\t\t\t\t\t\t\t\t\t<area\n\t\t\t\t\tshape=\"polygon\"\n\t\t\t\t\tcoords=\"385,322,1358,324,1359,872,385,863\"\n\t\t\t\t\thref=\"#hotspot-hotspot-205-0\"\n\t\t\t\t\trel=\"\"\n\t\t\t\t\ttitle=\"\"\n\t\t\t\t\talt=\"\"\n\t\t\t\t\tdata-action=\"\"\n\t\t\t\t\tdata-color-scheme=\"\"\n\t\t\t\t\tdata-id=\"area-hotspot-205-0\"\n\t\t\t\t\ttarget=\"\"\n\t\t\t\t\tclass=\"more-info-area\"\n\t\t\t\t\t>\n\t\t\t\t\t\t\t\t\t\t\t<area\n\t\t\t\t\tshape=\"polygon\"\n\t\t\t\t\tcoords=\"810,977,1073,980,1073,1114,813,1113,812,1043\"\n\t\t\t\t\thref=\"#hotspot-hotspot-205-1\"\n\t\t\t\t\trel=\"\"\n\t\t\t\t\ttitle=\"\"\n\t\t\t\t\talt=\"\"\n\t\t\t\t\tdata-action=\"\"\n\t\t\t\t\tdata-color-scheme=\"\"\n\t\t\t\t\tdata-id=\"area-hotspot-205-1\"\n\t\t\t\t\ttarget=\"\"\n\t\t\t\t\tclass=\"more-info-area\"\n\t\t\t\t\t>\n\t\t\t\t\t\t\t\t\t\t\t<area\n\t\t\t\t\tshape=\"polygon\"\n\t\t\t\t\tcoords=\"45,1869,495,1877,497,1476,41,1478\"\n\t\t\t\t\thref=\"#hotspot-hotspot-205-2\"\n\t\t\t\t\trel=\"\"\n\t\t\t\t\ttitle=\"\"\n\t\t\t\t\talt=\"\"\n\t\t\t\t\tdata-action=\"\"\n\t\t\t\t\tdata-color-scheme=\"\"\n\t\t\t\t\tdata-id=\"area-hotspot-205-2\"\n\t\t\t\t\ttarget=\"\"\n\t\t\t\t\tclass=\"more-info-area\"\n\t\t\t\t\t>\n\t\t\t\t\t<\/map>\n\n\t\t\n\t\t\t\t\t\n\t\t\t\t\t\t<div class=\"hotspot-info \" id=\"hotspot-hotspot-205-0\">\n\t\t\t\t\n\t\t\t\t<h2 class=\"hotspot-title\"><\/h2>\t\t\t\t\t\t\t\t<div class=\"hotspot-content\">\n\t\t\t\t\t<p><span lang=\"EN-US\" style=\"font-size: 12.0pt;line-height: 200%;font-family: 'Georgia',serif\">Dor<\/span><span lang=\"EN-US\" style=\"font-size: 12.0pt;line-height: 200%;font-family: 'Georgia',serif;color: black\">\u00e9<\/span><span lang=\"EN-US\" style=\"font-size: 12.0pt;line-height: 200%;font-family: 'Georgia',serif\">\u2019s extreme tones of dark and light accentuate the grave and dramatic subject matter found in the poem.\u00a0<\/span><\/p>\n\t\t\t\t<\/div>\n\t\t\t<\/div>\n\t\t\t\t\t\n\t\t\t\t\t\t<div class=\"hotspot-info \" id=\"hotspot-hotspot-205-1\">\n\t\t\t\t\n\t\t\t\t<h2 class=\"hotspot-title\"><\/h2>\t\t\t\t\t\t\t\t\t<div class=\"hotspot-thumb\">\n\t\t\t\t\t\t<img decoding=\"async\" width=\"239\" height=\"300\" data-src=\"https:\/\/www.huronresearch.ca\/thedigitalrime\/wp-content\/uploads\/sites\/60\/2019\/04\/dore-featured-239x300.jpg\" class=\"attachment-medium size-medium lazyload\" alt=\"\" data-srcset=\"https:\/\/www.huronresearch.ca\/thedigitalrime\/wp-content\/uploads\/sites\/60\/2019\/04\/dore-featured-239x300.jpg 239w, https:\/\/www.huronresearch.ca\/thedigitalrime\/wp-content\/uploads\/sites\/60\/2019\/04\/dore-featured-768x964.jpg 768w, https:\/\/www.huronresearch.ca\/thedigitalrime\/wp-content\/uploads\/sites\/60\/2019\/04\/dore-featured-816x1024.jpg 816w, https:\/\/www.huronresearch.ca\/thedigitalrime\/wp-content\/uploads\/sites\/60\/2019\/04\/dore-featured-570x715.jpg 570w, https:\/\/www.huronresearch.ca\/thedigitalrime\/wp-content\/uploads\/sites\/60\/2019\/04\/dore-featured.jpg 1195w\" data-sizes=\"(max-width: 239px) 100vw, 239px\" src=\"data:image\/svg+xml;base64,PHN2ZyB3aWR0aD0iMSIgaGVpZ2h0PSIxIiB4bWxucz0iaHR0cDovL3d3dy53My5vcmcvMjAwMC9zdmciPjwvc3ZnPg==\" style=\"--smush-placeholder-width: 239px; --smush-placeholder-aspect-ratio: 239\/300;\" \/>\t\t\t\t\t<\/div>\n\t\t\t\t\t\t\t\t<div class=\"hotspot-content\">\n\t\t\t\t\t<p class=\"MsoNormal\" style=\"text-indent: 0cm\"><span lang=\"EN-US\" style=\"font-family: 'Georgia',serif\">Dor<\/span><span lang=\"EN-US\" style=\"font-family: 'Georgia',serif;color: black\">\u00e9\u2019s edition of \u201cThe Rime of the Ancient Mariner\u201d was an immense volume, with a gold-letter title, red cloth boards, and a title page with a vignette. The frontispiece was composed of fourteen pages, and was followed by thirty-eight folio plates. The poem had two vignettes at the beginning of the text and one at the end. <\/span><\/p>\n\t\t\t\t<\/div>\n\t\t\t<\/div>\n\t\t\t\t\t\n\t\t\t\t\t\t<div class=\"hotspot-info \" id=\"hotspot-hotspot-205-2\">\n\t\t\t\t\n\t\t\t\t<h2 class=\"hotspot-title\"><\/h2>\t\t\t\t\t\t\t\t<div class=\"hotspot-content\">\n\t\t\t\t\t<p class=\"MsoNormal\" style=\"text-indent: 0cm\"><span lang=\"EN-US\" style=\"font-family: 'Georgia',serif;color: black\">Dor\u00e9\u2019s unique illustrations are produced through the technique of photography on zinc. The photography of the original plate was transferred to a plate of zinc covered with sensitized emulsion, and was then treated with an acid resist. <\/span><\/p>\n\t\t\t\t<\/div>\n\t\t\t<\/div>\n\t\t\t<\/div>\n\n\n\n<style>\n\t#hotspot-209 .hotspots-image-container,\n\t#hotspot-209 .leaflet-container {\n\t\tbackground: #efefef\t}\n\n\t#hotspot-209 .hotspots-placeholder,\n\t.featherlight .featherlight-content.lightbox-209 {\n\t\tbackground: #ffffff;\n\t\tborder: 0 #ffffff solid;\n\t\tcolor: #000000;\n\t}\n\n\t#hotspot-209 .hotspot-title,\n\t#hotspot-209 .bc-product__title a,\n\t.featherlight .featherlight-content.lightbox-209 .hotspot-title,\n\t.featherlight .featherlight-content.lightbox-209 .bc-product__title a {\n\t\tcolor: #ffffff;\n\t}\n\n\t\t\t#hotspot-209 .hotspot-style-1 {\n\t\t\tstroke-width: 3;\n\t\t\tfill: #ffffff;\n\t\t\tfill-opacity: 0.81;\n\t\t\tstroke: #ffffff;\n\t\t\tstroke-opacity: 1.01;\n\t\t}\n\t\t#hotspot-209 .hotspot-style-1:hover,\n\t\t#hotspot-209 .hotspot-style-1:focus-visible,\n\t\t#hotspot-209 .hotspot-style-1.hotspot-active {\n\t\t\tfill: #ffffff;\n\t\t\tfill-opacity: 0.81;\n\t\t\toutline: none;\n\t\t\tstroke: #ffffff;\n\t\t\tstroke-opacity: 1.01;\n\t\t}\n\t\t\t#hotspot-209 .hotspot-default {\n\t\t\tstroke-width: 3;\n\t\t\tfill: #ffffff;\n\t\t\tfill-opacity: 0.01;\n\t\t\tstroke: #dd3333;\n\t\t\tstroke-opacity: 1.01;\n\t\t}\n\t\t#hotspot-209 .hotspot-default:hover,\n\t\t#hotspot-209 .hotspot-default:focus-visible,\n\t\t#hotspot-209 .hotspot-default.hotspot-active {\n\t\t\tfill: #ffffff;\n\t\t\tfill-opacity: 0.16;\n\t\t\toutline: none;\n\t\t\tstroke: #dd3333;\n\t\t\tstroke-opacity: 1.01;\n\t\t}\n\t\t#hotspot-209 .leaflet-tooltip,\n\t#hotspot-209 .leaflet-rrose-content-wrapper {\n\t\tbackground: #ffffff;\n\t\tborder-color: #ffffff;\n\t\tcolor: #000000;\n\t}\n\n\t#hotspot-209 a.leaflet-rrose-close-button {\n\t\tcolor: #ffffff;\n\t}\n\n\t#hotspot-209 .leaflet-rrose-tip {\n\t\tbackground: #ffffff;\n\t}\n\n\t#hotspot-209 .leaflet-popup-scrolled {\n\t\tborder-bottom-color: #000000;\n\t\tborder-top-color: #000000;\n\t}\n\n\t#hotspot-209 .leaflet-tooltip-top:before {\n\t\tborder-top-color: #ffffff;\n\t}\n\n\t#hotspot-209 .leaflet-tooltip-bottom:before {\n\t\tborder-bottom-color: #ffffff;\n\t}\n\t#hotspot-209 .leaflet-tooltip-left:before {\n\t\tborder-left-color: #ffffff;\n\t}\n\t#hotspot-209 .leaflet-tooltip-right:before {\n\t\tborder-right-color: #ffffff;\n\t}\n<\/style>\n\n\n\t<div class=\"hotspots-container  layout-tooltip event-hover\" id=\"hotspot-209\" data-layout=\"tooltip\" data-trigger=\"hover\">\n\t\t<div class=\"hotspots-interaction\">\n\t\t\t<div class=\"hotspots-image-container\">\n\t<img\n\t\twidth=\"1482\"\n\t\theight=\"2000\"\n\t\tsrc=\"https:\/\/www.huronresearch.ca\/thedigitalrime\/wp-content\/uploads\/sites\/60\/2019\/04\/Gustave-Dore-3.jpg\"\n\t\talt=\"Gustave Dore 3\"\n\t\tclass=\"hotspots-image skip-lazy\"\n\t\tusemap=\"#hotspots-image-209\"\n\t\tdata-image-title=\"Gustave Dore 3\"\n\t\tdata-image-description=\"\"\n\t\tdata-event-trigger=\"hover\"\n\t\tdata-always-visible=\"on\"\n\t\tdata-id=\"209\"\n\t\tdata-no-lazy=\"1\"\n\t\tdata-lazy-src=\"\"\n\t\tdata-lazy=\"false\"\n\t\tloading=\"eager\"\n\t\tdata-skip-lazy=\"1\"\n\t\t>\n<\/div>\t\t<\/div>\n\t\t<map name=\"hotspots-image-209\" class=\"hotspots-map\">\n\t\t\t\t\t\t\t\t\t\t\t<area\n\t\t\t\t\tshape=\"polygon\"\n\t\t\t\t\tcoords=\"533,1114,937,1109,937,1430,531,1423\"\n\t\t\t\t\thref=\"#hotspot-hotspot-209-0\"\n\t\t\t\t\trel=\"\"\n\t\t\t\t\ttitle=\"\"\n\t\t\t\t\talt=\"\"\n\t\t\t\t\tdata-action=\"\"\n\t\t\t\t\tdata-color-scheme=\"\"\n\t\t\t\t\tdata-id=\"area-hotspot-209-0\"\n\t\t\t\t\ttarget=\"\"\n\t\t\t\t\tclass=\"more-info-area\"\n\t\t\t\t\t>\n\t\t\t\t\t\t\t\t\t\t\t<area\n\t\t\t\t\tshape=\"polygon\"\n\t\t\t\t\tcoords=\"469,1891,1003,1890,1006,1989,470,1994\"\n\t\t\t\t\thref=\"#hotspot-hotspot-209-1\"\n\t\t\t\t\trel=\"\"\n\t\t\t\t\ttitle=\"\"\n\t\t\t\t\talt=\"\"\n\t\t\t\t\tdata-action=\"\"\n\t\t\t\t\tdata-color-scheme=\"\"\n\t\t\t\t\tdata-id=\"area-hotspot-209-1\"\n\t\t\t\t\ttarget=\"\"\n\t\t\t\t\tclass=\"more-info-area\"\n\t\t\t\t\t>\n\t\t\t\t\t<\/map>\n\n\t\t\n\t\t\t\t\t\n\t\t\t\t\t\t<div class=\"hotspot-info \" id=\"hotspot-hotspot-209-0\">\n\t\t\t\t\n\t\t\t\t<h2 class=\"hotspot-title\"><\/h2>\t\t\t\t\t\t\t\t<div class=\"hotspot-content\">\n\t\t\t\t\t<p><span lang=\"EN-US\" style=\"font-size: 12.0pt;line-height: 200%;font-family: 'Georgia',serif\">In this selected image, Dor<\/span><span lang=\"EN-US\" style=\"font-size: 12.0pt;line-height: 200%;font-family: 'Georgia',serif;color: black\">\u00e9 depicts Death and Life-In-Death playing a game of dice for the souls of those on the ship.\u00a0<\/span><\/p>\n\t\t\t\t<\/div>\n\t\t\t<\/div>\n\t\t\t\t\t\n\t\t\t\t\t\t<div class=\"hotspot-info \" id=\"hotspot-hotspot-209-1\">\n\t\t\t\t\n\t\t\t\t<h2 class=\"hotspot-title\"><\/h2>\t\t\t\t\t\t\t\t<div class=\"hotspot-content\">\n\t\t\t\t\t<p class=\"MsoNormal\" style=\"text-indent: 0cm\"><span lang=\"EN-US\" style=\"font-family: 'Georgia',serif\">The quote inscribed is best translated in English to lines 197-198: <\/span><\/p>\n<p class=\"MsoNormal\" style=\"text-indent: 0cm\"><span lang=\"EN-US\" style=\"font-family: 'Georgia',serif\">\u201cThe game is done! I\u2019ve won! I\u2019ve won!\u2019\/ Quoth she, and whistles thrice.\u201d<\/span><\/p>\n\t\t\t\t<\/div>\n\t\t\t<\/div>\n\t\t\t<\/div>\n\n\n","protected":false},"excerpt":{"rendered":"","protected":false},"author":1,"featured_media":0,"parent":0,"menu_order":0,"comment_status":"closed","ping_status":"closed","template":"","meta":{"_mc_calendar":[],"footnotes":"","_links_to":"","_links_to_target":""},"class_list":["post-277","page","type-page","status-publish","czr-hentry"],"aioseo_notices":[],"_links":{"self":[{"href":"https:\/\/www.huronresearch.ca\/thedigitalrime\/wp-json\/wp\/v2\/pages\/277","targetHints":{"allow":["GET"]}}],"collection":[{"href":"https:\/\/www.huronresearch.ca\/thedigitalrime\/wp-json\/wp\/v2\/pages"}],"about":[{"href":"https:\/\/www.huronresearch.ca\/thedigitalrime\/wp-json\/wp\/v2\/types\/page"}],"author":[{"embeddable":true,"href":"https:\/\/www.huronresearch.ca\/thedigitalrime\/wp-json\/wp\/v2\/users\/1"}],"replies":[{"embeddable":true,"href":"https:\/\/www.huronresearch.ca\/thedigitalrime\/wp-json\/wp\/v2\/comments?post=277"}],"version-history":[{"count":0,"href":"https:\/\/www.huronresearch.ca\/thedigitalrime\/wp-json\/wp\/v2\/pages\/277\/revisions"}],"wp:attachment":[{"href":"https:\/\/www.huronresearch.ca\/thedigitalrime\/wp-json\/wp\/v2\/media?parent=277"}],"curies":[{"name":"wp","href":"https:\/\/api.w.org\/{rel}","templated":true}]}}